{"id":3719,"date":"2025-08-22T10:04:49","date_gmt":"2025-08-22T07:04:49","guid":{"rendered":"https:\/\/istechiletisim.com\/?page_id=3719"},"modified":"2025-08-22T10:06:39","modified_gmt":"2025-08-22T07:06:39","slug":"xiaomi","status":"publish","type":"page","link":"https:\/\/istechiletisim.com\/en\/xiaomi\/","title":{"rendered":"Xiaomi"},"content":{"rendered":"<div data-elementor-type=\"wp-page\" data-elementor-id=\"3719\" class=\"elementor elementor-3719\" data-elementor-post-type=\"page\">\n\t\t\t\t\t\t<section class=\"elementor-section elementor-top-section elementor-element elementor-element-5ff625e elementor-section-boxed elementor-section-height-default elementor-section-height-default\" data-id=\"5ff625e\" data-element_type=\"section\">\n\t\t\t\t\t\t<div class=\"elementor-container elementor-column-gap-default\">\n\t\t\t\t\t<div class=\"elementor-column elementor-col-100 elementor-top-column elementor-element elementor-element-7cad0ca\" data-id=\"7cad0ca\" data-element_type=\"column\">\n\t\t\t<div class=\"elementor-widget-wrap elementor-element-populated\">\n\t\t\t\t\t\t<div class=\"elementor-element elementor-element-9487298 elementor-widget elementor-widget-text-editor\" data-id=\"9487298\" data-element_type=\"widget\" data-widget_type=\"text-editor.default\">\n\t\t\t\t<div class=\"elementor-widget-container\">\n\t\t\t\t\t\t\t\t\t<p><style>\n        \/* Sayfa geneline etki etmeyen stil *\/\n        .repair-container {\n            font-family: Arial, sans-serif;\n            max-width: 600px;\n            margin: 20px auto;\n            background-color: #ffffff;\n            padding: 20px;\n            border-radius: 8px;\n            box-shadow: 0 0 10px rgba(0, 0, 0, 0.1);\n        }\n        .repair-container h1 {\n            font-size: 22px;\n            color: #333;\n        }\n        .repair-container p {\n            font-size: 16px;\n            color: #333;\n            line-height: 1.6;\n        }\n        .repair-container .link {\n            color: #007BFF;\n            text-decoration: none;\n        }\n        .repair-container .link:hover {\n            text-decoration: underline;\n        }\n    <\/style><\/p><!-- Onar\u0131m s\u00fcreci i\u00e7eri\u011fi sadece bu alan i\u00e7inde yer alacak --><div class=\"repair-container\"><h1>Xiaomi<\/h1><p>Xiaomi, teknoloji d\u00fcnyas\u0131nda inovasyonun ve ula\u015f\u0131labilir kalitenin sembol\u00fc haline gelmi\u015ftir. Ak\u0131ll\u0131 telefonlardan giyilebilir teknolojilere, ev elektroni\u011finden ya\u015fam\u0131 kolayla\u015ft\u0131ran ak\u0131ll\u0131 \u00e7\u00f6z\u00fcmlere kadar geni\u015f \u00fcr\u00fcn yelpazesiyle milyonlarca kullan\u0131c\u0131n\u0131n tercihi olmu\u015ftur.<br \/><br \/>Biz, Xiaomi \u00fcr\u00fcnlerinizin her zaman en iyi performansla \u00e7al\u0131\u015fmas\u0131 i\u00e7in buraday\u0131z. Orijinal par\u00e7a garantisi, alan\u0131nda uzman teknisyenler ve titizlikle y\u00fcr\u00fctt\u00fc\u011f\u00fcm\u00fcz servis s\u00fcre\u00e7leriyle cihazlar\u0131n\u0131za hak etti\u011fi \u00f6zeni g\u00f6steriyoruz. \u0130ster ak\u0131ll\u0131 telefonunuzda bir sorun ya\u015fay\u0131n, ister ak\u0131ll\u0131 ev \u00fcr\u00fcnlerinizde deste\u011fe ihtiya\u00e7 duyun; Xiaomi teknolojiniz bizde emin ellerde.<\/p><\/div>\t\t\t\t\t\t\t\t<\/div>\n\t\t\t\t<\/div>\n\t\t\t\t\t<\/div>\n\t\t<\/div>\n\t\t\t\t\t<\/div>\n\t\t<\/section>\n\t\t\t\t<\/div>","protected":false},"excerpt":{"rendered":"<p>Xiaomi Xiaomi, teknoloji d\u00fcnyas\u0131nda inovasyonun ve ula\u015f\u0131labilir kalitenin sembol\u00fc haline gelmi\u015ftir. Ak\u0131ll\u0131 telefonlardan giyilebilir teknolojilere, ev elektroni\u011finden ya\u015fam\u0131 kolayla\u015ft\u0131ran ak\u0131ll\u0131 \u00e7\u00f6z\u00fcmlere kadar geni\u015f \u00fcr\u00fcn yelpazesiyle milyonlarca kullan\u0131c\u0131n\u0131n tercihi olmu\u015ftur. Biz, Xiaomi \u00fcr\u00fcnlerinizin her zaman en iyi performansla \u00e7al\u0131\u015fmas\u0131 i\u00e7in buraday\u0131z. Orijinal par\u00e7a garantisi, alan\u0131nda uzman teknisyenler ve titizlikle y\u00fcr\u00fctt\u00fc\u011f\u00fcm\u00fcz servis s\u00fcre\u00e7leriyle cihazlar\u0131n\u0131za hak etti\u011fi \u00f6zeni&#8230;<\/p>","protected":false},"author":1,"featured_media":0,"parent":0,"menu_order":0,"comment_status":"closed","ping_status":"closed","template":"elementor_header_footer","meta":{"_acf_changed":false,"_joinchat":[],"footnotes":""},"class_list":["post-3719","page","type-page","status-publish","hentry"],"acf":[],"_links":{"self":[{"href":"https:\/\/istechiletisim.com\/en\/wp-json\/wp\/v2\/pages\/3719","targetHints":{"allow":["GET"]}}],"collection":[{"href":"https:\/\/istechiletisim.com\/en\/wp-json\/wp\/v2\/pages"}],"about":[{"href":"https:\/\/istechiletisim.com\/en\/wp-json\/wp\/v2\/types\/page"}],"author":[{"embeddable":true,"href":"https:\/\/istechiletisim.com\/en\/wp-json\/wp\/v2\/users\/1"}],"replies":[{"embeddable":true,"href":"https:\/\/istechiletisim.com\/en\/wp-json\/wp\/v2\/comments?post=3719"}],"version-history":[{"count":7,"href":"https:\/\/istechiletisim.com\/en\/wp-json\/wp\/v2\/pages\/3719\/revisions"}],"predecessor-version":[{"id":3726,"href":"https:\/\/istechiletisim.com\/en\/wp-json\/wp\/v2\/pages\/3719\/revisions\/3726"}],"wp:attachment":[{"href":"https:\/\/istechiletisim.com\/en\/wp-json\/wp\/v2\/media?parent=3719"}],"curies":[{"name":"wp","href":"https:\/\/api.w.org\/{rel}","templated":true}]}}